{"id":3257,"date":"2013-09-21T18:54:02","date_gmt":"2013-09-21T18:54:02","guid":{"rendered":"https:\/\/www.hvakoeling.be\/jobs\/"},"modified":"2019-04-29T08:16:48","modified_gmt":"2019-04-29T08:16:48","slug":"emplois","status":"publish","type":"page","link":"https:\/\/www.hvakoeling.be\/fr\/emplois\/","title":{"rendered":"Emplois"},"content":{"rendered":"<div class=\"wpb-content-wrapper\">[vc_row][vc_column width=\u00a0\u00bb2\/3&Prime;][vc_column_text]\n<h1>Emplois<\/h1>\n<p>Travailler chez <strong>HVA Koeling<\/strong>, c\u2019est plus qu\u2019un simple job. C\u2019est un d\u00e9fi passionnant \u00e0 relever jour apr\u00e8s jour, celui de satisfaire nos clients et d\u2019atteindre des r\u00e9sultats concrets.<\/p>\n<p><strong>Notre groupe est \u00e0 la recherche de :<\/strong><\/p>\n<ul>\n<li>Un technicien du froid exp\u00e9riment\u00e9 \/ d\u00e9panneur<\/li>\n<li>Un technicien du froid exp\u00e9riment\u00e9 \/ monteur<\/li>\n<li>Un soudeur TIG \/ monteur<\/li>\n<\/ul>\n<p><strong>Nous offrons :<\/strong><\/p>\n<ul>\n<li>Un contrat fixe dans une entreprise en plein d\u00e9veloppement<\/li>\n<li>De bonnes conditions salariales<\/li>\n<li>Une ambiance de travail agr\u00e9able dans une \u00e9quipe jeune et dynamique<\/li>\n<li>Un travail vari\u00e9<\/li>\n<li>Des technologies diversifi\u00e9es (fr\u00e9on, r\u00e9frig\u00e9ration \u00e0 CO2 pomp\u00e9, CO2 en d\u00e9tente directe \/ technologie ULO)<\/li>\n<\/ul>\n<p><strong>\u00c7a vous int\u00e9resse ?<\/strong><br \/>\nPostulez en envoyant votre CV \u00e0\u00a0<a href=\"mailto:info@fieuw.be\">info@fieuw.be<\/a><\/p>\n<p>&nbsp;<\/p>\n[\/vc_column_text][\/vc_column][vc_column width=\u00a0\u00bb1\/3&Prime;][vc_wp_custommenu nav_menu=\u00a0\u00bb51&Prime; title=\u00a0\u00bbActivit\u00e9s\u00a0\u00bb el_class=\u00a0\u00bbactiviteiten\u00a0\u00bb][\/vc_column][\/vc_row]\n<\/div>","protected":false},"excerpt":{"rendered":"<p>[vc_row][vc_column width=\u00a0\u00bb2\/3&Prime;][vc_column_text] Emplois Travailler chez HVA Koeling, c\u2019est plus qu\u2019un simple job. C\u2019est un d\u00e9fi passionnant \u00e0 relever jour apr\u00e8s jour, celui de satisfaire nos clients et d\u2019atteindre des r\u00e9sultats concrets. Notre groupe est \u00e0 la recherche de : Un technicien du froid exp\u00e9riment\u00e9 \/ d\u00e9panneur Un technicien du froid exp\u00e9riment\u00e9 \/ monteur Un soudeur&hellip;<\/p>\n","protected":false},"author":3,"featured_media":0,"parent":0,"menu_order":4,"comment_status":"closed","ping_status":"closed","template":"","meta":{"_seopress_robots_primary_cat":"","_seopress_titles_title":"","_seopress_titles_desc":"","_seopress_robots_index":"","footnotes":""},"class_list":["post-3257","page","type-page","status-publish","hentry","entry","no-media"],"_links":{"self":[{"href":"https:\/\/www.hvakoeling.be\/fr\/wp-json\/wp\/v2\/pages\/3257","targetHints":{"allow":["GET"]}}],"collection":[{"href":"https:\/\/www.hvakoeling.be\/fr\/wp-json\/wp\/v2\/pages"}],"about":[{"href":"https:\/\/www.hvakoeling.be\/fr\/wp-json\/wp\/v2\/types\/page"}],"author":[{"embeddable":true,"href":"https:\/\/www.hvakoeling.be\/fr\/wp-json\/wp\/v2\/users\/3"}],"replies":[{"embeddable":true,"href":"https:\/\/www.hvakoeling.be\/fr\/wp-json\/wp\/v2\/comments?post=3257"}],"version-history":[{"count":0,"href":"https:\/\/www.hvakoeling.be\/fr\/wp-json\/wp\/v2\/pages\/3257\/revisions"}],"wp:attachment":[{"href":"https:\/\/www.hvakoeling.be\/fr\/wp-json\/wp\/v2\/media?parent=3257"}],"curies":[{"name":"wp","href":"https:\/\/api.w.org\/{rel}","templated":true}]}}