{"id":3253,"date":"2013-09-21T18:53:37","date_gmt":"2013-09-21T18:53:37","guid":{"rendered":"https:\/\/www.hvakoeling.be\/service\/"},"modified":"2019-04-29T08:16:13","modified_gmt":"2019-04-29T08:16:13","slug":"service","status":"publish","type":"page","link":"https:\/\/www.hvakoeling.be\/fr\/service\/","title":{"rendered":"Service"},"content":{"rendered":"<div class=\"wpb-content-wrapper\">[vc_row][vc_column width=\u00a0\u00bb2\/3&Prime;][vc_column_text]\n<h1>Le service : notre principal atout<\/h1>\n<p><strong>Via notre syst\u00e8me de monitoring, nous pouvons aider votre entreprise ou commerce \u00e0 distance :<\/strong> d\u00e9cong\u00e9lation acc\u00e9l\u00e9r\u00e9e, baisse de la temp\u00e9rature, \u2026 Et en cas de vrai probl\u00e8me, nos \u00e9quipes interviennent. Une fois notre \u00e9quipe sur place, nos techniciens s\u2019attellent tout de suite \u00e0 la t\u00e2che. Car le diagnostic aura d\u00e9j\u00e0 \u00e9t\u00e9 \u00e9tabli depuis notre si\u00e8ge. Quel que soit votre syst\u00e8me de gestion.[\/vc_column_text][vc_row_inner][vc_column_inner width=\u00a0\u00bb1\/6&Prime;][vc_single_image image=\u00a0\u00bb3233&Prime; css_animation=\u00a0\u00bbtop-to-bottom\u00a0\u00bb][\/vc_column_inner][vc_column_inner width=\u00a0\u00bb5\/6&Prime;][vc_column_text][gap height=\u00a0\u00bb10&Prime;]\n<h4>Une bonne technique de r\u00e9frig\u00e9ration commence par une bonne temp\u00e9rature.<\/h4>\n<p><strong>Toujours<\/strong>. Et c\u2019est notre mission, chaque jour et \u00e0 toute heure.[\/vc_column_text][\/vc_column_inner][\/vc_row_inner][vc_separator][vc_row_inner el_class=\u00a0\u00bbextramargin\u00a0\u00bb][vc_column_inner width=\u00a0\u00bb1\/6&Prime;][vc_single_image image=\u00a0\u00bb3232&Prime; css_animation=\u00a0\u00bbtop-to-bottom\u00a0\u00bb][\/vc_column_inner][vc_column_inner width=\u00a0\u00bb5\/6&Prime;][vc_column_text]\n<h4>Un service apr\u00e8s-vente 24h\/24 et 7\/7<\/h4>\n<p>Notre \u00e9quipe technique est toujours pr\u00eate : 7 jours sur 7, 24h\/24.[\/vc_column_text][\/vc_column_inner][\/vc_row_inner][\/vc_column][vc_column width=\u00a0\u00bb1\/3&Prime;][vc_wp_custommenu nav_menu=\u00a0\u00bb51&Prime; title=\u00a0\u00bbActivit\u00e9s\u00a0\u00bb el_class=\u00a0\u00bbactiviteiten\u00a0\u00bb][\/vc_column][\/vc_row]\n<\/div>","protected":false},"excerpt":{"rendered":"<p>[vc_row][vc_column width=\u00a0\u00bb2\/3&Prime;][vc_column_text] Le service : notre principal atout Via notre syst\u00e8me de monitoring, nous pouvons aider votre entreprise ou commerce \u00e0 distance : d\u00e9cong\u00e9lation acc\u00e9l\u00e9r\u00e9e, baisse de la temp\u00e9rature, \u2026 Et en cas de vrai probl\u00e8me, nos \u00e9quipes interviennent. Une fois notre \u00e9quipe sur place, nos techniciens s\u2019attellent tout de suite \u00e0 la t\u00e2che. Car&hellip;<\/p>\n","protected":false},"author":1,"featured_media":3255,"parent":0,"menu_order":2,"comment_status":"open","ping_status":"closed","template":"","meta":{"_seopress_robots_primary_cat":"","_seopress_titles_title":"","_seopress_titles_desc":"","_seopress_robots_index":"","footnotes":""},"class_list":["post-3253","page","type-page","status-publish","has-post-thumbnail","hentry","entry","has-media"],"_links":{"self":[{"href":"https:\/\/www.hvakoeling.be\/fr\/wp-json\/wp\/v2\/pages\/3253","targetHints":{"allow":["GET"]}}],"collection":[{"href":"https:\/\/www.hvakoeling.be\/fr\/wp-json\/wp\/v2\/pages"}],"about":[{"href":"https:\/\/www.hvakoeling.be\/fr\/wp-json\/wp\/v2\/types\/page"}],"author":[{"embeddable":true,"href":"https:\/\/www.hvakoeling.be\/fr\/wp-json\/wp\/v2\/users\/1"}],"replies":[{"embeddable":true,"href":"https:\/\/www.hvakoeling.be\/fr\/wp-json\/wp\/v2\/comments?post=3253"}],"version-history":[{"count":0,"href":"https:\/\/www.hvakoeling.be\/fr\/wp-json\/wp\/v2\/pages\/3253\/revisions"}],"wp:featuredmedia":[{"embeddable":true,"href":"https:\/\/www.hvakoeling.be\/fr\/wp-json\/wp\/v2\/media\/3255"}],"wp:attachment":[{"href":"https:\/\/www.hvakoeling.be\/fr\/wp-json\/wp\/v2\/media?parent=3253"}],"curies":[{"name":"wp","href":"https:\/\/api.w.org\/{rel}","templated":true}]}}