{"id":3251,"date":"2013-09-21T18:53:24","date_gmt":"2013-09-21T18:53:24","guid":{"rendered":"https:\/\/www.hvakoeling.be\/activiteiten\/"},"modified":"2019-04-29T08:15:27","modified_gmt":"2019-04-29T08:15:27","slug":"activites","status":"publish","type":"page","link":"https:\/\/www.hvakoeling.be\/fr\/activites\/","title":{"rendered":"Activit\u00e9s"},"content":{"rendered":"<div class=\"wpb-content-wrapper\">[vc_row][vc_column width=\u00a0\u00bb2\/3&Prime;][vc_column_text]\n<h1>Nos activit\u00e9s<\/h1>\n[\/vc_column_text][vc_row_inner el_class=\u00a0\u00bbextramargin\u00a0\u00bb][vc_column_inner width=\u00a0\u00bb1\/6&Prime;][vc_single_image image=\u00a0\u00bb3230&Prime; img_size=\u00a0\u00bb200&#215;200&Prime; style=\u00a0\u00bbvc_box_circle\u00a0\u00bb css_animation=\u00a0\u00bbtop-to-bottom\u00a0\u00bb][\/vc_column_inner][vc_column_inner width=\u00a0\u00bb5\/6&Prime;][vc_column_text]\n<h4>R\u00e9frig\u00e9ration de fruits et l\u00e9gumes<\/h4>\n<p><span class=\"vet\"><span class=\"tekst\">HVA Koeling est \u00e0 l\u2019origine du d\u00e9veloppement de la conservation ULO dans le secteur fruitier. La conservation ULO s\u2019applique surtout \u00e0 des produits frais tels que les pommes, les poires, les bananes, etc\u2026 <a href=\"https:\/\/www.hvakoeling.be\/contactez-nous\/?lang=fr\">En savoir plus<\/a><\/span><\/span>[\/vc_column_text][\/vc_column_inner][\/vc_row_inner][vc_separator][vc_row_inner el_class=\u00a0\u00bbextramargin\u00a0\u00bb][vc_column_inner width=\u00a0\u00bb1\/6&Prime;][vc_single_image image=\u00a0\u00bb3229&Prime; img_size=\u00a0\u00bb200&#215;200&Prime; style=\u00a0\u00bbvc_box_circle\u00a0\u00bb css_animation=\u00a0\u00bbtop-to-bottom\u00a0\u00bb][\/vc_column_inner][vc_column_inner width=\u00a0\u00bb5\/6&Prime;][vc_column_text]\n<h4>R\u00e9frig\u00e9ration commerciale<\/h4>\n<p>Nous vendons des meubles frigorifiques et assurons l\u2019installation, le service apr\u00e8s-vente et l\u2019entretien. <a href=\"https:\/\/www.hvakoeling.be\/contactez-nous\/?lang=fr\">Int\u00e9ress\u00e9s ?<\/a><span class=\"vet\"><br \/>\n<\/span>[\/vc_column_text][\/vc_column_inner][\/vc_row_inner][vc_separator][vc_row_inner el_class=\u00a0\u00bbextramargin\u00a0\u00bb][vc_column_inner width=\u00a0\u00bb1\/6&Prime;][vc_single_image image=\u00a0\u00bb3231&Prime; img_size=\u00a0\u00bb200&#215;200&Prime; style=\u00a0\u00bbvc_box_circle\u00a0\u00bb css_animation=\u00a0\u00bbtop-to-bottom\u00a0\u00bb][\/vc_column_inner][vc_column_inner width=\u00a0\u00bb5\/6&Prime;][vc_column_text]\n<h4>Refroidissement industriel<\/h4>\n<p><span class=\"vet\"><span class=\"tekst\">Refroidissement des processus industriels, cellules de refroidissement et surg\u00e9lation, traitement de l\u2019air, compresseurs avec r\u00e9gulation de puissance, r\u00e9cup\u00e9ration de chaleur\u2026<a href=\"https:\/\/www.hvakoeling.be\/contactez-nous\/?lang=fr\"> Int\u00e9ress\u00e9s ? <\/a><\/span><\/span>[\/vc_column_text][\/vc_column_inner][\/vc_row_inner][vc_separator][vc_row_inner][vc_column_inner width=\u00a0\u00bb1\/6&Prime;][vc_single_image image=\u00a0\u00bb3228&Prime; img_size=\u00a0\u00bb200&#215;200&Prime; css_animation=\u00a0\u00bbtop-to-bottom\u00a0\u00bb][\/vc_column_inner][vc_column_inner width=\u00a0\u00bb5\/6&Prime;][vc_column_text]\n<h4>Climatisation<\/h4>\n<p><span class=\"tekst\">Nous vendons et louons des appareils mobiles, des appareils fixes et des unit\u00e9s ext\u00e9rieures. <a href=\"https:\/\/www.hvakoeling.be\/contactez-nous\/?lang=fr\">Demandez un devis<\/a><br \/>\n<\/span>[\/vc_column_text][\/vc_column_inner][\/vc_row_inner][vc_separator][vc_row_inner el_class=\u00a0\u00bbextramargin\u00a0\u00bb][vc_column_inner width=\u00a0\u00bb1\/6&Prime;][vc_single_image image=\u00a0\u00bb3226&Prime; img_size=\u00a0\u00bb200&#215;200&Prime; style=\u00a0\u00bbvc_box_circle\u00a0\u00bb css_animation=\u00a0\u00bbtop-to-bottom\u00a0\u00bb][\/vc_column_inner][vc_column_inner width=\u00a0\u00bb5\/6&Prime;][vc_column_text]\n<h4>T\u00e9l\u00e9gestion et monitoring<\/h4>\n<p><span class=\"vet\"><span class=\"tekst\">En raison d\u2019une r\u00e9glementation plus stricte, il faut d\u00e9sormais contr\u00f4ler vos installations frigorifiques.\u00a0<strong>Notre \u00e9quipe technique<\/strong>\u00a0ou nos\u00a0<strong>logiciels SIGR <\/strong>les surveillent 24h\/24.<br \/>\n<\/span><\/span><span class=\"vet\"><span class=\"tekst\"><a href=\"https:\/\/www.hvakoeling.be\/contactez-nous\/?lang=fr\">Demandez un devis<\/a> <\/span><\/span>[\/vc_column_text][\/vc_column_inner][\/vc_row_inner][vc_separator][vc_row_inner el_class=\u00a0\u00bbextramargin\u00a0\u00bb][vc_column_inner width=\u00a0\u00bb1\/6&Prime;][vc_single_image image=\u00a0\u00bb3225&Prime; img_size=\u00a0\u00bb200&#215;200&Prime; style=\u00a0\u00bbvc_box_circle\u00a0\u00bb css_animation=\u00a0\u00bbtop-to-bottom\u00a0\u00bb][\/vc_column_inner][vc_column_inner width=\u00a0\u00bb5\/6&Prime;][vc_column_text]\n<h4>Syst\u00e8mes d\u2019alarme<\/h4>\n<p><span class=\"tekstnietonderlijnd\">En plus de la t\u00e9l\u00e9gestion et du monitoring des installations frigorifiques, nous assurons \u00e9galement l\u2019installation de syst\u00e8mes d\u2019<\/span><strong>alarme<\/strong>\u00a0<strong>anti-intrusion, de d\u00e9tection d\u2019incendies, de contr\u00f4le des acc\u00e8s et de vid\u00e9osurveillance.\u00a0 <\/strong><a href=\"https:\/\/www.hvakoeling.be\/contactez-nous\/?lang=fr\">Contactez-nous <\/a>[\/vc_column_text][\/vc_column_inner][\/vc_row_inner][\/vc_column][vc_column width=\u00a0\u00bb1\/3&Prime;][vc_wp_custommenu nav_menu=\u00a0\u00bb51&Prime; title=\u00a0\u00bbActivit\u00e9s\u00a0\u00bb el_class=\u00a0\u00bbactiviteiten\u00a0\u00bb][\/vc_column][\/vc_row]\n<\/div>","protected":false},"excerpt":{"rendered":"<p>[vc_row][vc_column width=\u00a0\u00bb2\/3&Prime;][vc_column_text] Nos activit\u00e9s [\/vc_column_text][vc_row_inner el_class=\u00a0\u00bbextramargin\u00a0\u00bb][vc_column_inner width=\u00a0\u00bb1\/6&Prime;][vc_single_image image=\u00a0\u00bb3230&Prime; img_size=\u00a0\u00bb200&#215;200&Prime; style=\u00a0\u00bbvc_box_circle\u00a0\u00bb css_animation=\u00a0\u00bbtop-to-bottom\u00a0\u00bb][\/vc_column_inner][vc_column_inner width=\u00a0\u00bb5\/6&Prime;][vc_column_text] R\u00e9frig\u00e9ration de fruits et l\u00e9gumes HVA Koeling est \u00e0 l\u2019origine du d\u00e9veloppement de la conservation ULO dans le secteur fruitier. La conservation ULO s\u2019applique surtout \u00e0 des produits frais tels que les pommes, les poires, les bananes, etc\u2026 En savoir plus[\/vc_column_text][\/vc_column_inner][\/vc_row_inner][vc_separator][vc_row_inner el_class=\u00a0\u00bbextramargin\u00a0\u00bb][vc_column_inner width=\u00a0\u00bb1\/6&Prime;][vc_single_image&hellip;<\/p>\n","protected":false},"author":3,"featured_media":0,"parent":0,"menu_order":1,"comment_status":"closed","ping_status":"closed","template":"","meta":{"_seopress_robots_primary_cat":"","_seopress_titles_title":"","_seopress_titles_desc":"","_seopress_robots_index":"","footnotes":""},"class_list":["post-3251","page","type-page","status-publish","hentry","entry","no-media"],"_links":{"self":[{"href":"https:\/\/www.hvakoeling.be\/fr\/wp-json\/wp\/v2\/pages\/3251","targetHints":{"allow":["GET"]}}],"collection":[{"href":"https:\/\/www.hvakoeling.be\/fr\/wp-json\/wp\/v2\/pages"}],"about":[{"href":"https:\/\/www.hvakoeling.be\/fr\/wp-json\/wp\/v2\/types\/page"}],"author":[{"embeddable":true,"href":"https:\/\/www.hvakoeling.be\/fr\/wp-json\/wp\/v2\/users\/3"}],"replies":[{"embeddable":true,"href":"https:\/\/www.hvakoeling.be\/fr\/wp-json\/wp\/v2\/comments?post=3251"}],"version-history":[{"count":0,"href":"https:\/\/www.hvakoeling.be\/fr\/wp-json\/wp\/v2\/pages\/3251\/revisions"}],"wp:attachment":[{"href":"https:\/\/www.hvakoeling.be\/fr\/wp-json\/wp\/v2\/media?parent=3251"}],"curies":[{"name":"wp","href":"https:\/\/api.w.org\/{rel}","templated":true}]}}