{"id":3247,"date":"2013-01-06T12:43:15","date_gmt":"2013-01-06T12:43:15","guid":{"rendered":"https:\/\/www.hvakoeling.be\/home\/"},"modified":"2019-12-09T11:33:50","modified_gmt":"2019-12-09T11:33:50","slug":"home","status":"publish","type":"page","link":"https:\/\/www.hvakoeling.be\/fr\/","title":{"rendered":"Accueil"},"content":{"rendered":"<div class=\"wpb-content-wrapper\">[vc_row][vc_column width=\u00a0\u00bb2\/3&Prime;][vc_row_inner][vc_column_inner][vc_column_text]\n<h1>HVA Koeling, votre partenaire r\u00e9frig\u00e9ration pour le secteur des fruits et l\u00e9gumes<\/h1>\n[\/vc_column_text][vc_column_text el_class=\u00a0\u00bbintro\u00a0\u00bb]Depuis plus de 35 ans d\u00e9j\u00e0, HVA est votre partenaire fid\u00e8le pour la r\u00e9frig\u00e9ration. Sur ce site, vous en apprendrez plus sur l\u2019histoire de HVA. Celle-ci d\u00e9marre en 1983 : cette ann\u00e9e-l\u00e0 HVA, entreprise en techniques de r\u00e9frig\u00e9ration, a \u00e9t\u00e9 fond\u00e9e par 3 pionniers qui voulaient compl\u00e8tement repenser la conservation des fruits et la r\u00e9frig\u00e9ration.<\/p>\n<p>Pendant plus de 30 ans, les fondateurs ont poursuivi l\u2019ambition de satisfaire aux exigences de qualit\u00e9 les plus \u00e9lev\u00e9es, tant de leur client\u00e8le que de nouveaux clients, et de scruter sans cesse les derni\u00e8res innovations et les nouveaux march\u00e9s. Et ce, en Belgique comme \u00e0 l\u2019\u00e9tranger.<\/p>\n<p>Au fil des ann\u00e9es, HVA s\u2019est profil\u00e9e comme entreprise sp\u00e9cialis\u00e9e dans les techniques de r\u00e9frig\u00e9ration et de conservation.<\/p>\n<p>La reprise par le groupe Fieuw ne change rien \u00e0 ses objectifs : l\u2019innovation et la perfection.<\/p>\n<p>Encore aujourd\u2019hui, HVA se distingue des autres.<\/p>\n<p>L\u00e0 o\u00f9 le secteur fruitier travaillait toujours avec des groupes s\u00e9par\u00e9s auparavant, HVA a \u00e9t\u00e9 la premi\u00e8re \u00e0 proposer des centrales. 1 centrale pour diff\u00e9rentes cellules, c\u2019\u00e9tait \u00e0 la fois r\u00e9volutionnaire et unique.<\/p>\n[\/vc_column_text][\/vc_column_inner][\/vc_row_inner][vc_row_inner][vc_column_inner width=\u00a0\u00bb1\/2&Prime;][vc_column_text]\n<h2>Le secteur \u00e9volue, HVA aussi !<\/h2>\n<p>Pour \u00eatre toujours \u00e0 la pointe, HVA est \u00e0 l\u2019\u00e9coute de ses clients et s\u2019inspire de leurs besoins.<\/p>\n<p>Prenons la conservation ULO : HVA a \u00e9t\u00e9 un pr\u00e9curseur en la mati\u00e8re. Les premiers \u00e9purateurs de gaz \u00ab\u00a0HVA\u00a0\u00bb sont encore en service chez plusieurs clients. Aujourd\u2019hui, nous collaborons avec un partenaire privil\u00e9gi\u00e9.<\/p>\n<p>HVA \u00e9tait et est toujours unique en son genre : nous disposons de notre propre d\u00e9partement de construction de meubles frigorifiques, employons nos propres programmeurs PLC et construisons toutes nos centrales dans notre atelier. Notre service commence par la r\u00e9alisation d\u2019un dessin et aboutit \u00e0 la r\u00e9alisation enti\u00e8re du projet.<\/p>\n<p>Comme nous g\u00e9rons toutes ces \u00e9tapes, nous pouvons toujours nous engager \u00e0 un service et une garantie optimaux. Notre service de d\u00e9pannage est joignable et disponible 24h\/24 et 7j\/7.[\/vc_column_text][\/vc_column_inner][vc_column_inner width=\u00a0\u00bb1\/2&Prime;][vc_column_text]\n<h2>Votre partenaire pour le secteur des fruits et l\u00e9gumes<\/h2>\n<p>Tout au long des ann\u00e9es, la question \u00ab que r\u00e9frig\u00e9rez-vous \u00bb nous a \u00e9t\u00e9 pos\u00e9 plusieurs fois. La r\u00e9ponse : tout.<\/p>\n<p>C\u2019est ainsi que nous avons construit une client\u00e8le diversifi\u00e9e : producteurs de fruits, entreprises sp\u00e9cialis\u00e9es en m\u00fbrissement de bananes, producteurs de chicons, le secteur public. Sans oublier l\u2019industrie, o\u00f9 HVA a quelques belles r\u00e9alisations \u00e0 son actif.<\/p>\n<p>Nous sommes fiers quand des entreprises fruiti\u00e8res sont transmises de p\u00e8re en fils et que ces fils font appel au m\u00eame technicien du froid que leur p\u00e8re.<br \/>\nEt c\u2019est l\u00e0 que les fondateurs de HVA se retrouvent \u00e0 discuter avec les enfants ou petits-enfants de ceux avec qui ils ont collabor\u00e9 par le pass\u00e9. Non seulement nos installations sont durables, mais nous tenons aussi \u00e0 entretenir les relations avec nos clients.[\/vc_column_text][\/vc_column_inner][\/vc_row_inner][vc_row_inner][vc_column_inner el_class=\u00a0\u00bbcalltoaction\u00a0\u00bb width=\u00a0\u00bb1\/2&Prime;][vc_column_text]Il y a 5 ans, nous avons propos\u00e9 nos premi\u00e8res installations de r\u00e9frig\u00e9ration au CO2. Le CO2 comme fluide frigorig\u00e8ne ? C\u2019\u00e9tait unique. En choisissant cette voie, nous avons pu offrir une solution au probl\u00e8me du fr\u00e9on. Opter pour le fr\u00e9on, aujourd\u2019hui, c\u2019est subir des pertes \u00e0 court terme.<\/p>\n<p><a href=\"https:\/\/www.hvakoeling.be\/contactez-nous\/?lang=fr\">Demandez un devis<\/a>[\/vc_column_text][\/vc_column_inner][vc_column_inner el_class=\u00a0\u00bbcalltoaction\u00a0\u00bb width=\u00a0\u00bb1\/2&Prime;][vc_column_text]Parce que HVA s\u2019est associ\u00e9e \u00e0 des fournisseurs privil\u00e9gi\u00e9s au fil des ann\u00e9es, nous sommes en mesure de proposer des solutions d\u2019ensemble. Chambres froides, cellules de cong\u00e9lation et de r\u00e9frig\u00e9ration, chauffage au sol\u2026 Et le tout, bien s\u00fbr, au d\u00e9part d\u2019une centrale dessin\u00e9e, construite et install\u00e9e par nos soins.<\/p>\n<p>HVA est certifi\u00e9e PED ; une preuve de plus que nous visons \u00e0 satisfaire aux normes de qualit\u00e9 les plus strictes.<br \/>\n[\/vc_column_text][\/vc_column_inner][\/vc_row_inner][\/vc_column][vc_column width=\u00a0\u00bb1\/3&Prime;][vc_cta_button2 h2=\u00a0\u00bb3 vacatures !\u00a0\u00bb style=\u00a0\u00bbsquare\u00a0\u00bb title=\u00a0\u00bbVoir les emplois\u00a0\u00bb btn_style=\u00a0\u00bboutlined\u00a0\u00bb color=\u00a0\u00bbwhite\u00a0\u00bb size=\u00a0\u00bbsm\u00a0\u00bb accent_color=\u00a0\u00bb#b5d5dd\u00a0\u00bb link=\u00a0\u00bburl:https%3A%2F%2Fwww.hvakoeling.be%2Fjobs%2F|title:Jobs||\u00a0\u00bb][\/vc_cta_button2][vc_wp_custommenu nav_menu=\u00a0\u00bb51&Prime; title=\u00a0\u00bbActivit\u00e9s\u00a0\u00bb el_class=\u00a0\u00bbactiviteiten\u00a0\u00bb][vc_column_text el_class=\u00a0\u00bbmilieuplatform\u00a0\u00bb]\n<h2>Plateforme Environnement<\/h2>\n<p>G\u00e9rez votre gestion de l\u2019environnement et vos \u00e9missions de CO<sub>2<\/sub> sur notre plateforme environnement gratuite. [gap height=\u00a0\u00bb15&Prime;] <a class=\"link\" href=\"https:\/\/milieu.fieuw.be\/\" target=\"_blank\" rel=\"noopener noreferrer\">Vers la plateforme environnement<\/a>\u00a0[gap height=\u00a0\u00bb25&Prime;] <a href=\"https:\/\/www.lne.be\" target=\"_blank\" rel=\"noopener noreferrer\"><img loading=\"lazy\" decoding=\"async\" class=\"alignnone wp-image-2800 size-full\" src=\"https:\/\/www.hvakoeling.be\/wp-content\/uploads\/2013\/01\/logos_milieubeheer1.png\" alt=\"Fieuw Koeltechnieken\" width=\"183\" height=\"57\" \/><\/a> [clear][\/vc_column_text][\/vc_column][\/vc_row][vc_row][vc_column][vc_column_text][gap height=\u00a0\u00bb20&Prime;][\/vc_column_text][\/vc_column][\/vc_row][vc_row][vc_column][vc_column_text]\n<h3 style=\"font-size: 28px;\">Zoom sur nos derni\u00e8res r\u00e9f\u00e9rences<\/h3>\n[gap height=\u00a0\u00bb30&Prime;] [portfolio projects=\u00a0\u00bb4&Prime; show_title=\u00a0\u00bbno\u00a0\u00bb columns=\u00a0\u00bb4&Prime;][\/vc_column_text][\/vc_column][\/vc_row]\n<\/div>","protected":false},"excerpt":{"rendered":"<p>[vc_row][vc_column width=\u00a0\u00bb2\/3&Prime;][vc_row_inner][vc_column_inner][vc_column_text] HVA Koeling, votre partenaire r\u00e9frig\u00e9ration pour le secteur des fruits et l\u00e9gumes [\/vc_column_text][vc_column_text el_class=\u00a0\u00bbintro\u00a0\u00bb]Depuis plus de 35 ans d\u00e9j\u00e0, HVA est votre partenaire fid\u00e8le pour la r\u00e9frig\u00e9ration. Sur ce site, vous en apprendrez plus sur l\u2019histoire de HVA. Celle-ci d\u00e9marre en 1983 : cette ann\u00e9e-l\u00e0 HVA, entreprise en techniques de r\u00e9frig\u00e9ration, a \u00e9t\u00e9&hellip;<\/p>\n","protected":false},"author":1,"featured_media":0,"parent":0,"menu_order":0,"comment_status":"closed","ping_status":"closed","template":"","meta":{"_seopress_robots_primary_cat":"","_seopress_titles_title":"Fieuw - Specialisten als het om koeltechniek gaat","_seopress_titles_desc":"Fieuw is al meer dan 35 jaar uw trouwe partner in koeltechnieken. \u0003 Op deze site willen we u meenemen in het verhaal van Fieuw.","_seopress_robots_index":"","footnotes":""},"class_list":["post-3247","page","type-page","status-publish","hentry","entry","no-media"],"_links":{"self":[{"href":"https:\/\/www.hvakoeling.be\/fr\/wp-json\/wp\/v2\/pages\/3247","targetHints":{"allow":["GET"]}}],"collection":[{"href":"https:\/\/www.hvakoeling.be\/fr\/wp-json\/wp\/v2\/pages"}],"about":[{"href":"https:\/\/www.hvakoeling.be\/fr\/wp-json\/wp\/v2\/types\/page"}],"author":[{"embeddable":true,"href":"https:\/\/www.hvakoeling.be\/fr\/wp-json\/wp\/v2\/users\/1"}],"replies":[{"embeddable":true,"href":"https:\/\/www.hvakoeling.be\/fr\/wp-json\/wp\/v2\/comments?post=3247"}],"version-history":[{"count":0,"href":"https:\/\/www.hvakoeling.be\/fr\/wp-json\/wp\/v2\/pages\/3247\/revisions"}],"wp:attachment":[{"href":"https:\/\/www.hvakoeling.be\/fr\/wp-json\/wp\/v2\/media?parent=3247"}],"curies":[{"name":"wp","href":"https:\/\/api.w.org\/{rel}","templated":true}]}}